{"id":22675,"date":"2019-06-12T11:12:15","date_gmt":"2019-06-12T10:12:15","guid":{"rendered":"http:\/\/portugalafora.com\/?page_id=22675"},"modified":"2026-03-26T15:03:50","modified_gmt":"2026-03-26T15:03:50","slug":"condicoes","status":"publish","type":"page","link":"https:\/\/portugalafora.com\/en\/condicoes\/","title":{"rendered":"Conditions"},"content":{"rendered":"<div data-elementor-type=\"wp-post\" data-elementor-id=\"22675\" class=\"elementor elementor-22675\" data-elementor-post-type=\"page\">\n\t\t\t\t\t\t<section class=\"elementor-section elementor-top-section elementor-element elementor-element-322a21c0 elementor-section-boxed elementor-section-height-default elementor-section-height-default\" data-id=\"322a21c0\" data-element_type=\"section\" data-e-type=\"section\">\n\t\t\t\t\t\t<div class=\"elementor-container elementor-column-gap-default\">\n\t\t\t\t\t<div class=\"elementor-column elementor-col-100 elementor-top-column elementor-element elementor-element-4ba10c14\" data-id=\"4ba10c14\" data-element_type=\"column\" data-e-type=\"column\">\n\t\t\t<div class=\"elementor-widget-wrap elementor-element-populated\">\n\t\t\t\t\t\t<div class=\"elementor-element elementor-element-68883dfc elementor-widget elementor-widget-text-editor\" data-id=\"68883dfc\" data-element_type=\"widget\" data-e-type=\"widget\" data-widget_type=\"text-editor.default\">\n\t\t\t\t<div class=\"elementor-widget-container\">\n\t\t\t\t\t\t\t\t\t\t\t\t\t\t\t\t\t<\/div>\n\t\t\t\t<\/div>\n\t\t\t\t\t<\/div>\n\t\t<\/div>\n\t\t\t\t\t<\/div>\n\t\t<\/section>\n\t\t\t\t<section class=\"elementor-section elementor-top-section elementor-element elementor-element-2ec7fe22 elementor-section-boxed elementor-section-height-default elementor-section-height-default\" data-id=\"2ec7fe22\" data-element_type=\"section\" data-e-type=\"section\">\n\t\t\t\t\t\t\t<div class=\"elementor-background-overlay\"><\/div>\n\t\t\t\t\t\t\t<div class=\"elementor-container elementor-column-gap-wider\">\n\t\t\t\t\t<div class=\"elementor-column elementor-col-50 elementor-top-column elementor-element elementor-element-2d000553\" data-id=\"2d000553\" data-element_type=\"column\" data-e-type=\"column\">\n\t\t\t<div class=\"elementor-widget-wrap elementor-element-populated\">\n\t\t\t\t\t<div class=\"elementor-background-overlay\"><\/div>\n\t\t\t\t\t\t<div class=\"elementor-element elementor-element-3290f34c elementor-widget elementor-widget-heading\" data-id=\"3290f34c\" data-element_type=\"widget\" data-e-type=\"widget\" data-widget_type=\"heading.default\">\n\t\t\t\t<div class=\"elementor-widget-container\">\n\t\t\t\t\t<h5 class=\"elementor-heading-title elementor-size-default\">Ours<\/h5>\t\t\t\t<\/div>\n\t\t\t\t<\/div>\n\t\t\t\t<div class=\"elementor-element elementor-element-6db3796 elementor-invisible elementor-widget elementor-widget-heading\" data-id=\"6db3796\" data-element_type=\"widget\" data-e-type=\"widget\" data-settings=\"{&quot;_animation&quot;:&quot;fadeInUp&quot;}\" data-widget_type=\"heading.default\">\n\t\t\t\t<div class=\"elementor-widget-container\">\n\t\t\t\t\t<h2 class=\"elementor-heading-title elementor-size-default\">CONDITIONS<\/h2>\t\t\t\t<\/div>\n\t\t\t\t<\/div>\n\t\t\t\t<div class=\"elementor-element elementor-element-33c8f960 elementor-widget-divider--view-line elementor-widget elementor-widget-divider\" data-id=\"33c8f960\" data-element_type=\"widget\" data-e-type=\"widget\" data-widget_type=\"divider.default\">\n\t\t\t\t<div class=\"elementor-widget-container\">\n\t\t\t\t\t\t\t<div class=\"elementor-divider\">\n\t\t\t<span class=\"elementor-divider-separator\">\n\t\t\t\t\t\t<\/span>\n\t\t<\/div>\n\t\t\t\t\t\t<\/div>\n\t\t\t\t<\/div>\n\t\t\t\t<div class=\"elementor-element elementor-element-4ae85463 elementor-widget elementor-widget-text-editor\" data-id=\"4ae85463\" data-element_type=\"widget\" data-e-type=\"widget\" data-widget_type=\"text-editor.default\">\n\t\t\t\t<div class=\"elementor-widget-container\">\n\t\t\t\t\t\t\t\t\t<p>All tours follow our general conditions. For additional clarifications, we are available through the means available on the website.&nbsp;<\/p>\t\t\t\t\t\t\t\t<\/div>\n\t\t\t\t<\/div>\n\t\t\t\t\t<\/div>\n\t\t<\/div>\n\t\t\t\t<div class=\"elementor-column elementor-col-50 elementor-top-column elementor-element elementor-element-4810bc24\" data-id=\"4810bc24\" data-element_type=\"column\" data-e-type=\"column\">\n\t\t\t<div class=\"elementor-widget-wrap elementor-element-populated\">\n\t\t\t\t\t\t<div class=\"elementor-element elementor-element-faacde6 elementor-widget elementor-widget-text-editor\" data-id=\"faacde6\" data-element_type=\"widget\" data-e-type=\"widget\" data-widget_type=\"text-editor.default\">\n\t\t\t\t<div class=\"elementor-widget-container\">\n\t\t\t\t\t\t\t\t\t<ol>\n<li>Payment for the tour is made in cash or Wise before the tour takes place;<\/li>\n<li>Minimum of 2 people, children between 6 and 12 years old half price, up to 6 years old free;<\/li>\n<li>All tours have a planned itinerary, but we can change the tour within the contracted time and with a similar total number of kilometers;<\/li>\n<li>Overtime costs \u20ac25 per hour;<\/li>\n<li>Discounts cannot be combined with other offers;<\/li>\n<li>From 4 people onwards, the vehicle price is \u20ac330 on any of our tours;<\/li>\n<li>We pick up clients at the hotel\/accommodation within the city of Lisbon (except the historic center, streets inaccessible to cars and the Giro tour of Lisbon). Other locations outside of Lisbon, and within a radius of 25km, have a surcharge of \u20ac20;<\/li>\n<li>It is expressly prohibited to smoke, eat or consume alcoholic beverages inside the vehicle;<\/li>\n<li>The prices shown on our website include transport service with driver\/guide and include all fuel, toll and parking expenses;&nbsp;<\/li>\n<li>All tour reservations must be made through our website. We reserve the right to charge 25% in advance, which is refundable if canceled at least 24 hours before the service.;<\/li>\n<li>We will do everything to minimize effects of transit, adverse weather or other circumstances beyond our control, but we cannot be held responsible for them, nor request any compensation;<\/li>\n<li>We are not responsible for any personal items stolen, lost or forgotten during the trip;<\/li>\n<li>We are unaware of changes to the opening hours of monuments and other places to visit.<\/li>\n<li>We can take up to 25 photos of the tour at no extra cost. The photos will be sent via a link within 72 hours and deleted 30 days later.&nbsp;&nbsp;<\/li>\n<\/ol>\t\t\t\t\t\t\t\t<\/div>\n\t\t\t\t<\/div>\n\t\t\t\t\t<\/div>\n\t\t<\/div>\n\t\t\t\t\t<\/div>\n\t\t<\/section>\n\t\t\t\t<\/div>","protected":false},"excerpt":{"rendered":"<p>As nossas CONDI\u00c7\u00d5ES Todos os tours seguem as nossas condi\u00e7\u00f5es gerais. Para esclarecimentos adicionais estamos ao dispor atrav\u00e9s dos meios [&hellip;]<\/p>\n","protected":false},"author":16,"featured_media":0,"parent":0,"menu_order":0,"comment_status":"closed","ping_status":"closed","template":"elementor_header_footer","meta":{"site-sidebar-layout":"default","site-content-layout":"","ast-site-content-layout":"default","site-content-style":"default","site-sidebar-style":"default","ast-global-header-display":"","ast-banner-title-visibility":"","ast-main-header-display":"","ast-hfb-above-header-display":"","ast-hfb-below-header-display":"","ast-hfb-mobile-header-display":"","site-post-title":"","ast-breadcrumbs-content":"","ast-featured-img":"","footer-sml-layout":"","ast-disable-related-posts":"","theme-transparent-header-meta":"","adv-header-id-meta":"","stick-header-meta":"","header-above-stick-meta":"","header-main-stick-meta":"","header-below-stick-meta":"","astra-migrate-meta-layouts":"default","ast-page-background-enabled":"default","ast-page-background-meta":{"desktop":{"background-color":"var(--ast-global-color-4)","background-image":"","background-repeat":"repeat","background-position":"center center","background-size":"auto","background-attachment":"scroll","background-type":"","background-media":"","overlay-type":"","overlay-color":"","overlay-opacity":"","overlay-gradient":""},"tablet":{"background-color":"","background-image":"","background-repeat":"repeat","background-position":"center center","background-size":"auto","background-attachment":"scroll","background-type":"","background-media":"","overlay-type":"","overlay-color":"","overlay-opacity":"","overlay-gradient":""},"mobile":{"background-color":"","background-image":"","background-repeat":"repeat","background-position":"center center","background-size":"auto","background-attachment":"scroll","background-type":"","background-media":"","overlay-type":"","overlay-color":"","overlay-opacity":"","overlay-gradient":""}},"ast-content-background-meta":{"desktop":{"background-color":"var(--ast-global-color-5)","background-image":"","background-repeat":"repeat","background-position":"center center","background-size":"auto","background-attachment":"scroll","background-type":"","background-media":"","overlay-type":"","overlay-color":"","overlay-opacity":"","overlay-gradient":""},"tablet":{"background-color":"var(--ast-global-color-5)","background-image":"","background-repeat":"repeat","background-position":"center center","background-size":"auto","background-attachment":"scroll","background-type":"","background-media":"","overlay-type":"","overlay-color":"","overlay-opacity":"","overlay-gradient":""},"mobile":{"background-color":"var(--ast-global-color-5)","background-image":"","background-repeat":"repeat","background-position":"center center","background-size":"auto","background-attachment":"scroll","background-type":"","background-media":"","overlay-type":"","overlay-color":"","overlay-opacity":"","overlay-gradient":""}},"footnotes":""},"class_list":["post-22675","page","type-page","status-publish","hentry"],"_links":{"self":[{"href":"https:\/\/portugalafora.com\/en\/wp-json\/wp\/v2\/pages\/22675","targetHints":{"allow":["GET"]}}],"collection":[{"href":"https:\/\/portugalafora.com\/en\/wp-json\/wp\/v2\/pages"}],"about":[{"href":"https:\/\/portugalafora.com\/en\/wp-json\/wp\/v2\/types\/page"}],"author":[{"embeddable":true,"href":"https:\/\/portugalafora.com\/en\/wp-json\/wp\/v2\/users\/16"}],"replies":[{"embeddable":true,"href":"https:\/\/portugalafora.com\/en\/wp-json\/wp\/v2\/comments?post=22675"}],"version-history":[{"count":93,"href":"https:\/\/portugalafora.com\/en\/wp-json\/wp\/v2\/pages\/22675\/revisions"}],"predecessor-version":[{"id":31361,"href":"https:\/\/portugalafora.com\/en\/wp-json\/wp\/v2\/pages\/22675\/revisions\/31361"}],"wp:attachment":[{"href":"https:\/\/portugalafora.com\/en\/wp-json\/wp\/v2\/media?parent=22675"}],"curies":[{"name":"wp","href":"https:\/\/api.w.org\/{rel}","templated":true}]}}