{"id":18103,"date":"2018-06-16T16:17:39","date_gmt":"2018-06-16T15:17:39","guid":{"rendered":"http:\/\/portugalafora.com\/?page_id=18103"},"modified":"2025-03-10T16:13:34","modified_gmt":"2025-03-10T16:13:34","slug":"privacidade","status":"publish","type":"page","link":"https:\/\/portugalafora.com\/en\/privacidade\/","title":{"rendered":"Privacy"},"content":{"rendered":"\t\t<div data-elementor-type=\"wp-page\" data-elementor-id=\"18103\" class=\"elementor elementor-18103\" data-elementor-post-type=\"page\">\n\t\t\t\t<div class=\"elementor-element elementor-element-37c9050 e-flex e-con-boxed e-con e-parent\" data-id=\"37c9050\" data-element_type=\"container\" data-e-type=\"container\">\n\t\t\t\t\t<div class=\"e-con-inner\">\n\t\t\t\t<div class=\"elementor-element elementor-element-753c2f5 elementor-widget elementor-widget-spacer\" data-id=\"753c2f5\" data-element_type=\"widget\" data-e-type=\"widget\" data-widget_type=\"spacer.default\">\n\t\t\t\t<div class=\"elementor-widget-container\">\n\t\t\t\t\t\t\t<div class=\"elementor-spacer\">\n\t\t\t<div class=\"elementor-spacer-inner\"><\/div>\n\t\t<\/div>\n\t\t\t\t\t\t<\/div>\n\t\t\t\t<\/div>\n\t\t\t\t\t<\/div>\n\t\t\t\t<\/div>\n\t\t\t\t<section class=\"elementor-section elementor-top-section elementor-element elementor-element-1358e902 elementor-section-boxed elementor-section-height-default elementor-section-height-default\" data-id=\"1358e902\" data-element_type=\"section\" data-e-type=\"section\">\n\t\t\t\t\t\t<div class=\"elementor-container elementor-column-gap-default\">\n\t\t\t\t\t<div class=\"elementor-column elementor-col-100 elementor-top-column elementor-element elementor-element-66f24d44\" data-id=\"66f24d44\" data-element_type=\"column\" data-e-type=\"column\">\n\t\t\t<div class=\"elementor-widget-wrap elementor-element-populated\">\n\t\t\t\t\t\t<div class=\"elementor-element elementor-element-d355e87 elementor-widget elementor-widget-heading\" data-id=\"d355e87\" data-element_type=\"widget\" data-e-type=\"widget\" data-widget_type=\"heading.default\">\n\t\t\t\t<div class=\"elementor-widget-container\">\n\t\t\t\t\t<h2 class=\"elementor-heading-title elementor-size-default\">Privacidade<\/h2>\t\t\t\t<\/div>\n\t\t\t\t<\/div>\n\t\t\t\t<div class=\"elementor-element elementor-element-5fd4663 elementor-widget elementor-widget-text-editor\" data-id=\"5fd4663\" data-element_type=\"widget\" data-e-type=\"widget\" data-widget_type=\"text-editor.default\">\n\t\t\t\t<div class=\"elementor-widget-container\">\n\t\t\t\t\t\t\t\t\t<p><\/p>\n<p>O <em>Portugal Afora<\/em> tem uma pol\u00edtica rigorosa na privacidade dos nossos leitores e utilizadores. Por favor leia atentamente.<\/p>\n<p><\/p>\n<h3 class=\"wp-block-heading\">Informa\u00e7\u00e3o Pessoal<\/h3>\n<p><\/p>\n<p>Para receber emails usamos o seu endere\u00e7o pessoal de email. Caso seja preciso contatar para tudo o que tiver relacionado com um tour ou uma publica\u00e7\u00e3o sua, utilizaremos um email indicado por voc\u00ea. Este site n\u00e3o recolhe ou armazena outro tipo de informa\u00e7\u00f5es, como dados de cart\u00f5es de cr\u00e9dito e n\u00e3o vende ou repassa a terceiros dados como nome, endere\u00e7o ou n\u00famero de telefone. Poderemos analisar outro tipo de dados de forma a entender como os nossos leitores usam o nosso site e servi\u00e7os. Esta informa\u00e7\u00e3o indica como o nosso site \u00e9 usado, que mat\u00e9rias s\u00e3o mais acessadas, de que pa\u00edses s\u00e3o oriundos os nossos usu\u00e1rios. Esta informa\u00e7\u00e3o \u00e9 apenas para fim estat\u00edstico e uma forma de melhorar os nossos servi\u00e7os.<\/p>\n<p><\/p>\n<h3 class=\"wp-block-heading\">Publicidade<\/h3>\n<p><\/p>\n<p>O Portugal Afora poder\u00e1 apresentar an\u00fancios quer no site. Informa\u00e7\u00f5es sobre as estat\u00edsticas do site (que n\u00e3o s\u00e3o sobre dados pessoais e n\u00e3o incluem nomes, endere\u00e7os e contatos) poder\u00e3o ser passadas aos nossos parceiros. Poder\u00e1 receber ocasionalmente um email claramente marcado como \u201cpatroc\u00ednio\u201d ou \u201capoio de\u201d na linha de assunto e no cabe\u00e7alho do mesmo. Estes emails podem n\u00e3o expressar uma opini\u00e3o nossa ou uma posi\u00e7\u00e3o nossa porque constituem conte\u00fado pago pelos nossos parceiros. Pode sempre optar por deixar de receber emails nossos.<\/p>\n<p><\/p>\n<h3 class=\"wp-block-heading\">Cookies<\/h3>\n<p><\/p>\n<p><em>Cookies<\/em> s\u00e3o pequenos arquivos de texto colocados no seu computador e servem para rapidamente reconhecer a sua chegada ao nosso site. O&nbsp; Portugal Afora n\u00e3o utiliza <em>cookies<\/em> no presente momento. <\/p>\n<p><\/p>\n<h3 class=\"wp-block-heading\">Links a Outros Sites<\/h3>\n<p><\/p>\n<p>Links a outros sites fazem parte do nosso servi\u00e7o e possibilitam o acesso a outros sites. O Portugal Afora n\u00e3o \u00e9 respons\u00e1vel pelo conte\u00fado desses mesmos sites e pode, ou n\u00e3o, apoiar ou defender o conte\u00fado neles descrito. Por favor consulte a pol\u00edtica de privacidade desses sites caso tenha alguma d\u00favida.<\/p>\n<p><\/p>\n<h3 class=\"wp-block-heading\">Contato<\/h3>\n<p><\/p>\n<p>Se tiver alguma d\u00favida sobre a nossa pol\u00edtica de privacidade por favor use o formul\u00e1rio abaixo:<\/p>\n<p><\/p>\n<p>\n<\/p>\t\t\t\t\t\t\t\t<\/div>\n\t\t\t\t<\/div>\n\t\t\t\t\t<\/div>\n\t\t<\/div>\n\t\t\t\t\t<\/div>\n\t\t<\/section>\n\t\t\t\t<section class=\"elementor-section elementor-top-section elementor-element elementor-element-0994cac elementor-section-boxed elementor-section-height-default elementor-section-height-default\" data-id=\"0994cac\" data-element_type=\"section\" data-e-type=\"section\">\n\t\t\t\t\t\t<div class=\"elementor-container elementor-column-gap-default\">\n\t\t\t\t\t<div class=\"elementor-column elementor-col-50 elementor-top-column elementor-element elementor-element-5c812e1\" data-id=\"5c812e1\" data-element_type=\"column\" data-e-type=\"column\">\n\t\t\t<div class=\"elementor-widget-wrap elementor-element-populated\">\n\t\t\t\t\t\t<div class=\"elementor-element elementor-element-7e0f079 elementor-button-align-start elementor-widget elementor-widget-form\" data-id=\"7e0f079\" data-element_type=\"widget\" data-e-type=\"widget\" data-settings=\"{&quot;step_next_label&quot;:&quot;Next&quot;,&quot;step_previous_label&quot;:&quot;Anterior&quot;,&quot;button_width&quot;:&quot;100&quot;,&quot;step_type&quot;:&quot;number_text&quot;,&quot;step_icon_shape&quot;:&quot;circle&quot;}\" data-widget_type=\"form.default\">\n\t\t\t\t<div class=\"elementor-widget-container\">\n\t\t\t\t\t\t\t<form class=\"elementor-form\" method=\"post\" name=\"New Form\" aria-label=\"New Form\">\n\t\t\t<input type=\"hidden\" name=\"post_id\" value=\"18103\"\/>\n\t\t\t<input type=\"hidden\" name=\"form_id\" value=\"7e0f079\"\/>\n\t\t\t<input type=\"hidden\" name=\"referer_title\" value=\"Portugal Afora - Tours Privativos\" \/>\n\n\t\t\t\t\t\t\t<input type=\"hidden\" name=\"queried_id\" value=\"18103\"\/>\n\t\t\t\n\t\t\t<div class=\"elementor-form-fields-wrapper elementor-labels-above\">\n\t\t\t\t\t\t\t\t<div class=\"elementor-field-type-text elementor-field-group elementor-column elementor-field-group-name elementor-col-50 elementor-field-required\">\n\t\t\t\t\t\t\t\t\t\t\t\t<label for=\"form-field-name\" class=\"elementor-field-label\">\n\t\t\t\t\t\t\t\tNome\t\t\t\t\t\t\t<\/label>\n\t\t\t\t\t\t\t\t\t\t\t\t\t\t<input size=\"1\" type=\"text\" name=\"form_fields[name]\" id=\"form-field-name\" class=\"elementor-field elementor-size-sm  elementor-field-textual\" required=\"required\">\n\t\t\t\t\t\t\t\t\t\t\t<\/div>\n\t\t\t\t\t\t\t\t<div class=\"elementor-field-type-email elementor-field-group elementor-column elementor-field-group-email elementor-col-100 elementor-field-required\">\n\t\t\t\t\t\t\t\t\t\t\t\t<label for=\"form-field-email\" class=\"elementor-field-label\">\n\t\t\t\t\t\t\t\tEmail\t\t\t\t\t\t\t<\/label>\n\t\t\t\t\t\t\t\t\t\t\t\t\t\t<input size=\"1\" type=\"email\" name=\"form_fields[email]\" id=\"form-field-email\" class=\"elementor-field elementor-size-sm  elementor-field-textual\" required=\"required\">\n\t\t\t\t\t\t\t\t\t\t\t<\/div>\n\t\t\t\t\t\t\t\t<div class=\"elementor-field-type-textarea elementor-field-group elementor-column elementor-field-group-04ad17d elementor-col-100 elementor-field-required\">\n\t\t\t\t\t\t\t\t\t\t\t\t<label for=\"form-field-04ad17d\" class=\"elementor-field-label\">\n\t\t\t\t\t\t\t\tMensagem\t\t\t\t\t\t\t<\/label>\n\t\t\t\t\t\t<textarea class=\"elementor-field-textual elementor-field  elementor-size-sm\" name=\"form_fields[04ad17d]\" id=\"form-field-04ad17d\" rows=\"4\" required=\"required\"><\/textarea>\t\t\t\t<\/div>\n\t\t\t\t\t\t\t\t<div class=\"elementor-field-group elementor-column elementor-field-type-submit elementor-col-100 e-form__buttons\">\n\t\t\t\t\t<button class=\"elementor-button elementor-size-sm\" type=\"submit\">\n\t\t\t\t\t\t<span class=\"elementor-button-content-wrapper\">\n\t\t\t\t\t\t\t\t\t\t\t\t\t\t\t\t\t\t\t\t\t\t<span class=\"elementor-button-text\">Enviar Mensagem<\/span>\n\t\t\t\t\t\t\t\t\t\t\t\t\t<\/span>\n\t\t\t\t\t<\/button>\n\t\t\t\t<\/div>\n\t\t\t<\/div>\n\t\t<\/form>\n\t\t\t\t\t\t<\/div>\n\t\t\t\t<\/div>\n\t\t\t\t\t<\/div>\n\t\t<\/div>\n\t\t\t\t<div class=\"elementor-column elementor-col-50 elementor-top-column elementor-element elementor-element-a04379b\" data-id=\"a04379b\" data-element_type=\"column\" data-e-type=\"column\">\n\t\t\t<div class=\"elementor-widget-wrap\">\n\t\t\t\t\t\t\t<\/div>\n\t\t<\/div>\n\t\t\t\t\t<\/div>\n\t\t<\/section>\n\t\t\t\t<\/div>\n\t\t","protected":false},"excerpt":{"rendered":"<p>Privacidade O Portugal Afora tem uma pol\u00edtica rigorosa na privacidade dos nossos leitores e utilizadores. Por favor leia atentamente. Informa\u00e7\u00e3o [&hellip;]<\/p>\n","protected":false},"author":16,"featured_media":0,"parent":0,"menu_order":0,"comment_status":"closed","ping_status":"closed","template":"elementor_header_footer","meta":{"site-sidebar-layout":"default","site-content-layout":"","ast-site-content-layout":"default","site-content-style":"default","site-sidebar-style":"default","ast-global-header-display":"","ast-banner-title-visibility":"","ast-main-header-display":"","ast-hfb-above-header-display":"","ast-hfb-below-header-display":"","ast-hfb-mobile-header-display":"","site-post-title":"","ast-breadcrumbs-content":"","ast-featured-img":"","footer-sml-layout":"","ast-disable-related-posts":"","theme-transparent-header-meta":"","adv-header-id-meta":"","stick-header-meta":"","header-above-stick-meta":"","header-main-stick-meta":"","header-below-stick-meta":"","astra-migrate-meta-layouts":"default","ast-page-background-enabled":"default","ast-page-background-meta":{"desktop":{"background-color":"var(--ast-global-color-4)","background-image":"","background-repeat":"repeat","background-position":"center center","background-size":"auto","background-attachment":"scroll","background-type":"","background-media":"","overlay-type":"","overlay-color":"","overlay-opacity":"","overlay-gradient":""},"tablet":{"background-color":"","background-image":"","background-repeat":"repeat","background-position":"center center","background-size":"auto","background-attachment":"scroll","background-type":"","background-media":"","overlay-type":"","overlay-color":"","overlay-opacity":"","overlay-gradient":""},"mobile":{"background-color":"","background-image":"","background-repeat":"repeat","background-position":"center center","background-size":"auto","background-attachment":"scroll","background-type":"","background-media":"","overlay-type":"","overlay-color":"","overlay-opacity":"","overlay-gradient":""}},"ast-content-background-meta":{"desktop":{"background-color":"var(--ast-global-color-5)","background-image":"","background-repeat":"repeat","background-position":"center center","background-size":"auto","background-attachment":"scroll","background-type":"","background-media":"","overlay-type":"","overlay-color":"","overlay-opacity":"","overlay-gradient":""},"tablet":{"background-color":"var(--ast-global-color-5)","background-image":"","background-repeat":"repeat","background-position":"center center","background-size":"auto","background-attachment":"scroll","background-type":"","background-media":"","overlay-type":"","overlay-color":"","overlay-opacity":"","overlay-gradient":""},"mobile":{"background-color":"var(--ast-global-color-5)","background-image":"","background-repeat":"repeat","background-position":"center center","background-size":"auto","background-attachment":"scroll","background-type":"","background-media":"","overlay-type":"","overlay-color":"","overlay-opacity":"","overlay-gradient":""}},"footnotes":""},"class_list":["post-18103","page","type-page","status-publish","hentry"],"_links":{"self":[{"href":"https:\/\/portugalafora.com\/en\/wp-json\/wp\/v2\/pages\/18103","targetHints":{"allow":["GET"]}}],"collection":[{"href":"https:\/\/portugalafora.com\/en\/wp-json\/wp\/v2\/pages"}],"about":[{"href":"https:\/\/portugalafora.com\/en\/wp-json\/wp\/v2\/types\/page"}],"author":[{"embeddable":true,"href":"https:\/\/portugalafora.com\/en\/wp-json\/wp\/v2\/users\/16"}],"replies":[{"embeddable":true,"href":"https:\/\/portugalafora.com\/en\/wp-json\/wp\/v2\/comments?post=18103"}],"version-history":[{"count":26,"href":"https:\/\/portugalafora.com\/en\/wp-json\/wp\/v2\/pages\/18103\/revisions"}],"predecessor-version":[{"id":30721,"href":"https:\/\/portugalafora.com\/en\/wp-json\/wp\/v2\/pages\/18103\/revisions\/30721"}],"wp:attachment":[{"href":"https:\/\/portugalafora.com\/en\/wp-json\/wp\/v2\/media?parent=18103"}],"curies":[{"name":"wp","href":"https:\/\/api.w.org\/{rel}","templated":true}]}}